{"id":17546,"date":"2024-02-08T20:33:46","date_gmt":"2024-02-08T19:33:46","guid":{"rendered":"https:\/\/ordinacijavivahd.rs\/?page_id=17546"},"modified":"2024-02-13T20:08:12","modified_gmt":"2024-02-13T19:08:12","slug":"specijalista-opste-hirurgije","status":"publish","type":"page","link":"https:\/\/ordinacijavivahd.rs\/index.php\/specijalista-opste-hirurgije\/","title":{"rendered":"Specijalista op\u0161te hirurgije"},"content":{"rendered":"\t\t<div data-elementor-type=\"wp-page\" data-elementor-id=\"17546\" class=\"elementor elementor-17546\">\n\t\t\t\t\t\t<div class=\"elementor-section elementor-top-section elementor-element elementor-element-30f4826f elementor-section-full_width elementor-section-stretched elementor-section-height-default elementor-section-height-default\" data-id=\"30f4826f\" data-element_type=\"section\" data-settings=\"{&quot;stretch_section&quot;:&quot;section-stretched&quot;}\">\n\t\t\t\t\t\t<div class=\"elementor-container elementor-column-gap-default\">\n\t\t\t\t\t<div class=\"elementor-column elementor-col-100 elementor-top-column elementor-element elementor-element-277fd8cb\" data-id=\"277fd8cb\" data-element_type=\"column\">\n\t\t\t<div class=\"elementor-widget-wrap elementor-element-populated\">\n\t\t\t\t\t\t<div class=\"elementor-section elementor-inner-section elementor-element elementor-element-435d9444 elementor-section-boxed elementor-section-height-default elementor-section-height-default\" data-id=\"435d9444\" data-element_type=\"section\">\n\t\t\t\t\t\t<div class=\"elementor-container elementor-column-gap-default\">\n\t\t\t\t\t<div class=\"elementor-column elementor-col-33 elementor-inner-column elementor-element elementor-element-626eb3c8\" data-id=\"626eb3c8\" data-element_type=\"column\">\n\t\t\t<div class=\"elementor-widget-wrap elementor-element-populated\">\n\t\t\t\t\t\t<div class=\"elementor-element elementor-element-2adfef97 elementor-widget elementor-widget-image\" data-id=\"2adfef97\" data-element_type=\"widget\" data-widget_type=\"image.default\">\n\t\t\t\t<div class=\"elementor-widget-container\">\n\t\t\t\t\t\t\t\t\t\t\t\t\t\t\t<img fetchpriority=\"high\" decoding=\"async\" width=\"1497\" height=\"1920\" src=\"https:\/\/ordinacijavivahd.rs\/wp-content\/uploads\/2024\/02\/dr-milan-nikolic.png\" class=\"attachment-full size-full wp-image-17542\" alt=\"dr milan nikolic\" srcset=\"https:\/\/ordinacijavivahd.rs\/wp-content\/uploads\/2024\/02\/dr-milan-nikolic.png 1497w, https:\/\/ordinacijavivahd.rs\/wp-content\/uploads\/2024\/02\/dr-milan-nikolic-234x300.png 234w, https:\/\/ordinacijavivahd.rs\/wp-content\/uploads\/2024\/02\/dr-milan-nikolic-798x1024.png 798w, https:\/\/ordinacijavivahd.rs\/wp-content\/uploads\/2024\/02\/dr-milan-nikolic-768x985.png 768w, https:\/\/ordinacijavivahd.rs\/wp-content\/uploads\/2024\/02\/dr-milan-nikolic-1198x1536.png 1198w\" sizes=\"(max-width: 1497px) 100vw, 1497px\" \/>\t\t\t\t\t\t\t\t\t\t\t\t\t\t\t<\/div>\n\t\t\t\t<\/div>\n\t\t\t\t\t<\/div>\n\t\t<\/div>\n\t\t\t\t<div class=\"elementor-column elementor-col-66 elementor-inner-column elementor-element elementor-element-6b3847bc\" data-id=\"6b3847bc\" data-element_type=\"column\">\n\t\t\t<div class=\"elementor-widget-wrap elementor-element-populated\">\n\t\t\t\t\t\t<div class=\"elementor-element elementor-element-592cf2b6 p-tag-info elementor-widget elementor-widget-section-title\" data-id=\"592cf2b6\" data-element_type=\"widget\" data-widget_type=\"section-title.default\">\n\t\t\t\t<div class=\"elementor-widget-container\">\n\t\t\t\t\t<div class=\"pt-section pt-style-1 text-\">\r\n\t\t\r\n   \t\t \r\n   \t\t<span class=\"pt-section-sub-title\">SPECIJALISTA OP\u0160TE RADIOLOGIJE<\/span>\r\n   \t   \t\t\t   <h5 class=\"pt-section-title\" >Prim. Dr Mile Nikoli\u0107.<\/h5>\r\n\t\t\t\r\n<\/div>\t\t\t\t<\/div>\n\t\t\t\t<\/div>\n\t\t\t\t<div class=\"elementor-element elementor-element-2d7cb147 elementor-position-left elementor-view-default elementor-mobile-position-top elementor-widget elementor-widget-icon-box\" data-id=\"2d7cb147\" data-element_type=\"widget\" data-widget_type=\"icon-box.default\">\n\t\t\t\t<div class=\"elementor-widget-container\">\n\t\t\t\t\t\t\t<div class=\"elementor-icon-box-wrapper\">\n\n\t\t\t\t\t\t<div class=\"elementor-icon-box-icon\">\n\t\t\t\t<span  class=\"elementor-icon\">\n\t\t\t\t<i aria-hidden=\"true\" class=\"ion ion-ios-telephone\"><\/i>\t\t\t\t<\/span>\n\t\t\t<\/div>\n\t\t\t\n\t\t\t\t\t\t<div class=\"elementor-icon-box-content\">\n\n\t\t\t\t\t\t\t\t\t<h3 class=\"elementor-icon-box-title\">\n\t\t\t\t\t\t<span  >\n\t\t\t\t\t\t\t066 8624 338\t\t\t\t\t\t<\/span>\n\t\t\t\t\t<\/h3>\n\t\t\t\t\n\t\t\t\t\n\t\t\t<\/div>\n\t\t\t\n\t\t<\/div>\n\t\t\t\t\t\t<\/div>\n\t\t\t\t<\/div>\n\t\t\t\t<div class=\"elementor-element elementor-element-e53edcb elementor-position-left elementor-view-default elementor-mobile-position-top elementor-widget elementor-widget-icon-box\" data-id=\"e53edcb\" data-element_type=\"widget\" data-widget_type=\"icon-box.default\">\n\t\t\t\t<div class=\"elementor-widget-container\">\n\t\t\t\t\t\t\t<div class=\"elementor-icon-box-wrapper\">\n\n\t\t\t\t\t\t<div class=\"elementor-icon-box-icon\">\n\t\t\t\t<span  class=\"elementor-icon\">\n\t\t\t\t<i aria-hidden=\"true\" class=\"ion ion-ios-email\"><\/i>\t\t\t\t<\/span>\n\t\t\t<\/div>\n\t\t\t\n\t\t\t\t\t\t<div class=\"elementor-icon-box-content\">\n\n\t\t\t\t\t\t\t\t\t<h3 class=\"elementor-icon-box-title\">\n\t\t\t\t\t\t<span  >\n\t\t\t\t\t\t\toffice@ordinacijavivahd.rs\t\t\t\t\t\t<\/span>\n\t\t\t\t\t<\/h3>\n\t\t\t\t\n\t\t\t\t\n\t\t\t<\/div>\n\t\t\t\n\t\t<\/div>\n\t\t\t\t\t\t<\/div>\n\t\t\t\t<\/div>\n\t\t\t\t<div class=\"elementor-element elementor-element-6d301949 elementor-widget elementor-widget-heading\" data-id=\"6d301949\" data-element_type=\"widget\" data-widget_type=\"heading.default\">\n\t\t\t\t<div class=\"elementor-widget-container\">\n\t\t\t\t\t<h5 class=\"elementor-heading-title elementor-size-default\">Pratite me: <\/h5>\t\t\t\t<\/div>\n\t\t\t\t<\/div>\n\t\t\t\t<div class=\"elementor-element elementor-element-625ef1bf elementor-shape-circle e-grid-align-left elementor-grid-0 elementor-widget elementor-widget-social-icons\" data-id=\"625ef1bf\" data-element_type=\"widget\" data-widget_type=\"social-icons.default\">\n\t\t\t\t<div class=\"elementor-widget-container\">\n\t\t\t\t\t\t\t<div class=\"elementor-social-icons-wrapper elementor-grid\" role=\"list\">\n\t\t\t\t\t\t\t<span class=\"elementor-grid-item\" role=\"listitem\">\n\t\t\t\t\t<a class=\"elementor-icon elementor-social-icon elementor-social-icon-facebook-f elementor-repeater-item-7bfd33a\" href=\"https:\/\/medicate.peacefulqode.com\/about-us\/\" target=\"_blank\">\n\t\t\t\t\t\t<span class=\"elementor-screen-only\">Facebook-f<\/span>\n\t\t\t\t\t\t<i aria-hidden=\"true\" class=\"fab fa-facebook-f\"><\/i>\t\t\t\t\t<\/a>\n\t\t\t\t<\/span>\n\t\t\t\t\t\t\t<span class=\"elementor-grid-item\" role=\"listitem\">\n\t\t\t\t\t<a class=\"elementor-icon elementor-social-icon elementor-social-icon-ion-social-instagram elementor-repeater-item-821cc72\" href=\"https:\/\/medicate.peacefulqode.com\/pricing-plan\/\" target=\"_blank\">\n\t\t\t\t\t\t<span class=\"elementor-screen-only\">Ion-social-instagram<\/span>\n\t\t\t\t\t\t<i aria-hidden=\"true\" class=\"ion ion-social-instagram\"><\/i>\t\t\t\t\t<\/a>\n\t\t\t\t<\/span>\n\t\t\t\t\t\t\t<span class=\"elementor-grid-item\" role=\"listitem\">\n\t\t\t\t\t<a class=\"elementor-icon elementor-social-icon elementor-social-icon-linkedin elementor-repeater-item-824fd32\" href=\"https:\/\/medicate.peacefulqode.com\/about-us\/\" target=\"_blank\">\n\t\t\t\t\t\t<span class=\"elementor-screen-only\">Linkedin<\/span>\n\t\t\t\t\t\t<i aria-hidden=\"true\" class=\"fab fa-linkedin\"><\/i>\t\t\t\t\t<\/a>\n\t\t\t\t<\/span>\n\t\t\t\t\t<\/div>\n\t\t\t\t\t\t<\/div>\n\t\t\t\t<\/div>\n\t\t\t\t\t<\/div>\n\t\t<\/div>\n\t\t\t\t\t<\/div>\n\t\t<\/div>\n\t\t\t\t\t<\/div>\n\t\t<\/div>\n\t\t\t\t\t<\/div>\n\t\t<\/div>\n\t\t\t\t<div class=\"elementor-section elementor-top-section elementor-element elementor-element-7a629a41 elementor-section-full_width elementor-section-stretched elementor-section-height-default elementor-section-height-default\" data-id=\"7a629a41\" data-element_type=\"section\" data-settings=\"{&quot;stretch_section&quot;:&quot;section-stretched&quot;}\">\n\t\t\t\t\t\t<div class=\"elementor-container elementor-column-gap-default\">\n\t\t\t\t\t<div class=\"elementor-column elementor-col-100 elementor-top-column elementor-element elementor-element-2daf9b14\" data-id=\"2daf9b14\" data-element_type=\"column\">\n\t\t\t<div class=\"elementor-widget-wrap elementor-element-populated\">\n\t\t\t\t\t\t<div class=\"elementor-section elementor-inner-section elementor-element elementor-element-21ac756f elementor-section-boxed elementor-section-height-default elementor-section-height-default\" data-id=\"21ac756f\" data-element_type=\"section\">\n\t\t\t\t\t\t<div class=\"elementor-container elementor-column-gap-default\">\n\t\t\t\t\t<div class=\"elementor-column elementor-col-100 elementor-inner-column elementor-element elementor-element-745e789b\" data-id=\"745e789b\" data-element_type=\"column\">\n\t\t\t<div class=\"elementor-widget-wrap elementor-element-populated\">\n\t\t\t\t\t\t<div class=\"elementor-element elementor-element-1b14dcf9 elementor-widget elementor-widget-heading\" data-id=\"1b14dcf9\" data-element_type=\"widget\" data-widget_type=\"heading.default\">\n\t\t\t\t<div class=\"elementor-widget-container\">\n\t\t\t\t\t<h2 class=\"elementor-heading-title elementor-size-default\">Biografija<\/h2>\t\t\t\t<\/div>\n\t\t\t\t<\/div>\n\t\t\t\t<div class=\"elementor-element elementor-element-5f101db9 elementor-widget elementor-widget-text-editor\" data-id=\"5f101db9\" data-element_type=\"widget\" data-widget_type=\"text-editor.default\">\n\t\t\t\t<div class=\"elementor-widget-container\">\n\t\t\t\t\t\t\t\t\t<p>Prim. Dr Mile Nikoli\u0107 specijalista op\u0161te hirurgije Obavio vi\u0161e hiljada operacija iz abdominalne hirurgije (debelo crevo, \u017eeludac, jetra i \u017eucni putevi), hirurgije dojke, hirurgije preonskih kila i kile trbusnog zida.<\/p>\t\t\t\t\t\t\t\t<\/div>\n\t\t\t\t<\/div>\n\t\t\t\t<div class=\"elementor-element elementor-element-78f7c492 elementor-widget elementor-widget-text-editor\" data-id=\"78f7c492\" data-element_type=\"widget\" data-widget_type=\"text-editor.default\">\n\t\t\t\t<div class=\"elementor-widget-container\">\n\t\t\t\t\t\t\t\t\t<p>Poseduje veliko iskustvo u dijagnostici i le\u010denju akutnih i hroni\u010dnih hirur\u0161kih oboljenja. \u010clan vi\u0161e hirur\u0161kih udru\u017eenja: Hirur\u0161ke sekcije SLD, Udru\u017eenja endoskopskih hirurga&#8230; Mentor na katedri hirurgije Medicinskog fakulteta u Bg na specijalistickoj nastavi.<\/p>\t\t\t\t\t\t\t\t<\/div>\n\t\t\t\t<\/div>\n\t\t\t\t\t<\/div>\n\t\t<\/div>\n\t\t\t\t\t<\/div>\n\t\t<\/div>\n\t\t\t\t<div class=\"elementor-section elementor-inner-section elementor-element elementor-element-12805b06 elementor-section-boxed elementor-section-height-default elementor-section-height-default\" data-id=\"12805b06\" data-element_type=\"section\">\n\t\t\t\t\t\t<div class=\"elementor-container elementor-column-gap-default\">\n\t\t\t\t\t<div class=\"elementor-column elementor-col-100 elementor-inner-column elementor-element elementor-element-75e114f4\" data-id=\"75e114f4\" data-element_type=\"column\">\n\t\t\t<div class=\"elementor-widget-wrap elementor-element-populated\">\n\t\t\t\t\t\t<div class=\"elementor-element elementor-element-dc58e81 elementor-widget elementor-widget-heading\" data-id=\"dc58e81\" data-element_type=\"widget\" data-widget_type=\"heading.default\">\n\t\t\t\t<div class=\"elementor-widget-container\">\n\t\t\t\t\t<h2 class=\"elementor-heading-title elementor-size-large\">Zaka\u017eite pregled<\/h2>\t\t\t\t<\/div>\n\t\t\t\t<\/div>\n\t\t\t\t<div class=\"elementor-element elementor-element-627a0431 pt-applyform-whitebg elementor-widget elementor-widget-shortcode\" data-id=\"627a0431\" data-element_type=\"widget\" data-widget_type=\"shortcode.default\">\n\t\t\t\t<div class=\"elementor-widget-container\">\n\t\t\t\t\t\t\t<div class=\"elementor-shortcode\">\n<div class=\"wpcf7 no-js\" id=\"wpcf7-f2040-o1\" lang=\"en-US\" dir=\"ltr\" data-wpcf7-id=\"2040\">\n<div class=\"screen-reader-response\"><p role=\"status\" aria-live=\"polite\" aria-atomic=\"true\"><\/p> <ul><\/ul><\/div>\n<form action=\"\/index.php\/wp-json\/wp\/v2\/pages\/17546#wpcf7-f2040-o1\" method=\"post\" class=\"wpcf7-form init\" aria-label=\"Contact form\" novalidate=\"novalidate\" data-status=\"init\">\n<fieldset class=\"hidden-fields-container\"><input type=\"hidden\" name=\"_wpcf7\" value=\"2040\" \/><input type=\"hidden\" name=\"_wpcf7_version\" value=\"6.1.4\" \/><input type=\"hidden\" name=\"_wpcf7_locale\" value=\"en_US\" \/><input type=\"hidden\" name=\"_wpcf7_unit_tag\" value=\"wpcf7-f2040-o1\" \/><input type=\"hidden\" name=\"_wpcf7_container_post\" value=\"0\" \/><input type=\"hidden\" name=\"_wpcf7_posted_data_hash\" value=\"\" \/><input type=\"hidden\" name=\"_wpcf7_recaptcha_response\" value=\"\" \/>\n<\/fieldset>\n<div class=\"pt-applyform-whitebg\">\n\t<div class=\"pt-applyform\">\n\t\t<div class=\"row\">\n\t\t\t<div class=\"col-md-6\">\n\t\t\t\t<p><span class=\"wpcf7-form-control-wrap\" data-name=\"your-name\"><input size=\"40\" maxlength=\"400\" class=\"wpcf7-form-control wpcf7-text wpcf7-validates-as-required\" aria-required=\"true\" aria-invalid=\"false\" placeholder=\"Va\u0161e ime\" value=\"\" type=\"text\" name=\"your-name\" \/><\/span>\n\t\t\t\t<\/p>\n\t\t\t<\/div>\n\t\t\t<div class=\"col-md-6\">\n\t\t\t\t<p><span class=\"wpcf7-form-control-wrap\" data-name=\"your-genderplaceholder\"><input size=\"40\" maxlength=\"400\" class=\"wpcf7-form-control wpcf7-email wpcf7-validates-as-required wpcf7-text wpcf7-validates-as-email\" aria-required=\"true\" aria-invalid=\"false\" value=\"Pol\" type=\"email\" name=\"your-genderplaceholder\" \/><\/span>\n\t\t\t\t<\/p>\n\t\t\t<\/div>\n\t\t\t<div class=\"col-md-6\">\n\t\t\t\t<p><span class=\"wpcf7-form-control-wrap\" data-name=\"phone-number\"><input size=\"40\" maxlength=\"400\" class=\"wpcf7-form-control wpcf7-text wpcf7-validates-as-required\" aria-required=\"true\" aria-invalid=\"false\" placeholder=\"Telefon\" value=\"\" type=\"text\" name=\"phone-number\" \/><\/span>\n\t\t\t\t<\/p>\n\t\t\t<\/div>\n\t\t\t<div class=\"col-md-6\">\n\t\t\t\t<p><span class=\"wpcf7-form-control-wrap\" data-name=\"your-email\"><input size=\"40\" maxlength=\"400\" class=\"wpcf7-form-control wpcf7-text wpcf7-validates-as-required\" aria-required=\"true\" aria-invalid=\"false\" placeholder=\"Va\u0161 Email\" value=\"\" type=\"text\" name=\"your-email\" \/><\/span>\n\t\t\t\t<\/p>\n\t\t\t<\/div>\n\t\t\t<div class=\"col-md-12\">\n\t\t\t\t<p><span class=\"wpcf7-form-control-wrap\" data-name=\"your-message\"><textarea cols=\"40\" rows=\"10\" maxlength=\"2000\" class=\"wpcf7-form-control wpcf7-textarea wpcf7-validates-as-required\" aria-required=\"true\" aria-invalid=\"false\" placeholder=\"Poruka\" name=\"your-message\"><\/textarea><\/span>\n\t\t\t\t<\/p>\n\t\t\t<\/div>\n\t\t\t<div class=\"col-md-12\">\n\t\t\t\t<p><input class=\"wpcf7-form-control wpcf7-submit has-spinner\" type=\"submit\" value=\"Po\u0161alji\" \/>\n\t\t\t\t<\/p>\n\t\t\t<\/div>\n\t\t<\/div>\n\t<\/div>\n<\/div><p style=\"display: none !important;\" class=\"akismet-fields-container\" data-prefix=\"_wpcf7_ak_\"><label>&#916;<textarea name=\"_wpcf7_ak_hp_textarea\" cols=\"45\" rows=\"8\" maxlength=\"100\"><\/textarea><\/label><input type=\"hidden\" id=\"ak_js_1\" name=\"_wpcf7_ak_js\" value=\"33\"\/><script>document.getElementById( \"ak_js_1\" ).setAttribute( \"value\", ( new Date() ).getTime() );<\/script><\/p><div class=\"wpcf7-response-output\" aria-hidden=\"true\"><\/div>\n<\/form>\n<\/div>\n<\/div>\n\t\t\t\t\t\t<\/div>\n\t\t\t\t<\/div>\n\t\t\t\t\t<\/div>\n\t\t<\/div>\n\t\t\t\t\t<\/div>\n\t\t<\/div>\n\t\t\t\t\t<\/div>\n\t\t<\/div>\n\t\t\t\t\t<\/div>\n\t\t<\/div>\n\t\t\t\t<\/div>\n\t\t","protected":false},"excerpt":{"rendered":"<p>SPECIJALISTA OP\u0160TE RADIOLOGIJE Prim. Dr Mile Nikoli\u0107. 066 8624 338 office@ordinacijavivahd.rs Pratite me: Facebook-f Ion-social-instagram Linkedin Biografija Prim. Dr Mile Nikoli\u0107 specijalista op\u0161te hirurgije Obavio vi\u0161e hiljada operacija iz abdominalne hirurgije (debelo crevo, \u017eeludac, jetra i \u017eucni putevi), hirurgije dojke, hirurgije preonskih kila i kile trbusnog zida. Poseduje veliko iskustvo u dijagnostici i le\u010denju akutnih [&hellip;]<\/p>\n","protected":false},"author":1,"featured_media":17542,"parent":0,"menu_order":0,"comment_status":"closed","ping_status":"closed","template":"","meta":{"_acf_changed":false,"footnotes":""},"class_list":["post-17546","page","type-page","status-publish","has-post-thumbnail","hentry"],"acf":[],"yoast_head":"<!-- This site is optimized with the Yoast SEO plugin v26.6 - https:\/\/yoast.com\/wordpress\/plugins\/seo\/ -->\n<title>Specijalista op\u0161te hirurgije - Viva HD ordinacija<\/title>\n<meta name=\"robots\" content=\"index, follow, max-snippet:-1, max-image-preview:large, max-video-preview:-1\" \/>\n<link rel=\"canonical\" href=\"https:\/\/ordinacijavivahd.rs\/index.php\/specijalista-opste-hirurgije\/\" \/>\n<meta property=\"og:locale\" content=\"sr_RS\" \/>\n<meta property=\"og:type\" content=\"article\" \/>\n<meta property=\"og:title\" content=\"Specijalista op\u0161te hirurgije - Viva HD ordinacija\" \/>\n<meta property=\"og:description\" content=\"SPECIJALISTA OP\u0160TE RADIOLOGIJE Prim. Dr Mile Nikoli\u0107. 066 8624 338 office@ordinacijavivahd.rs Pratite me: Facebook-f Ion-social-instagram Linkedin Biografija Prim. Dr Mile Nikoli\u0107 specijalista op\u0161te hirurgije Obavio vi\u0161e hiljada operacija iz abdominalne hirurgije (debelo crevo, \u017eeludac, jetra i \u017eucni putevi), hirurgije dojke, hirurgije preonskih kila i kile trbusnog zida. Poseduje veliko iskustvo u dijagnostici i le\u010denju akutnih [&hellip;]\" \/>\n<meta property=\"og:url\" content=\"https:\/\/ordinacijavivahd.rs\/index.php\/specijalista-opste-hirurgije\/\" \/>\n<meta property=\"og:site_name\" content=\"Viva HD ordinacija\" \/>\n<meta property=\"article:modified_time\" content=\"2024-02-13T19:08:12+00:00\" \/>\n<meta property=\"og:image\" content=\"https:\/\/ordinacijavivahd.rs\/wp-content\/uploads\/2024\/02\/dr-milan-nikolic.png\" \/>\n\t<meta property=\"og:image:width\" content=\"1497\" \/>\n\t<meta property=\"og:image:height\" content=\"1920\" \/>\n\t<meta property=\"og:image:type\" content=\"image\/png\" \/>\n<meta name=\"twitter:card\" content=\"summary_large_image\" \/>\n<meta name=\"twitter:label1\" content=\"\u041f\u0440\u043e\u0446\u0435\u045a\u0435\u043d\u043e \u0432\u0440\u0435\u043c\u0435 \u0447\u0438\u0442\u0430\u045a\u0430\" \/>\n\t<meta name=\"twitter:data1\" content=\"1 \u043c\u0438\u043d\u0443\u0442\" \/>\n<script type=\"application\/ld+json\" class=\"yoast-schema-graph\">{\"@context\":\"https:\/\/schema.org\",\"@graph\":[{\"@type\":\"WebPage\",\"@id\":\"https:\/\/ordinacijavivahd.rs\/index.php\/specijalista-opste-hirurgije\/\",\"url\":\"https:\/\/ordinacijavivahd.rs\/index.php\/specijalista-opste-hirurgije\/\",\"name\":\"Specijalista op\u0161te hirurgije - Viva HD ordinacija\",\"isPartOf\":{\"@id\":\"https:\/\/ordinacijavivahd.rs\/#website\"},\"primaryImageOfPage\":{\"@id\":\"https:\/\/ordinacijavivahd.rs\/index.php\/specijalista-opste-hirurgije\/#primaryimage\"},\"image\":{\"@id\":\"https:\/\/ordinacijavivahd.rs\/index.php\/specijalista-opste-hirurgije\/#primaryimage\"},\"thumbnailUrl\":\"https:\/\/ordinacijavivahd.rs\/wp-content\/uploads\/2024\/02\/dr-milan-nikolic.png\",\"datePublished\":\"2024-02-08T19:33:46+00:00\",\"dateModified\":\"2024-02-13T19:08:12+00:00\",\"breadcrumb\":{\"@id\":\"https:\/\/ordinacijavivahd.rs\/index.php\/specijalista-opste-hirurgije\/#breadcrumb\"},\"inLanguage\":\"sr-RS\",\"potentialAction\":[{\"@type\":\"ReadAction\",\"target\":[\"https:\/\/ordinacijavivahd.rs\/index.php\/specijalista-opste-hirurgije\/\"]}]},{\"@type\":\"ImageObject\",\"inLanguage\":\"sr-RS\",\"@id\":\"https:\/\/ordinacijavivahd.rs\/index.php\/specijalista-opste-hirurgije\/#primaryimage\",\"url\":\"https:\/\/ordinacijavivahd.rs\/wp-content\/uploads\/2024\/02\/dr-milan-nikolic.png\",\"contentUrl\":\"https:\/\/ordinacijavivahd.rs\/wp-content\/uploads\/2024\/02\/dr-milan-nikolic.png\",\"width\":1497,\"height\":1920,\"caption\":\"dr milan nikolic\"},{\"@type\":\"BreadcrumbList\",\"@id\":\"https:\/\/ordinacijavivahd.rs\/index.php\/specijalista-opste-hirurgije\/#breadcrumb\",\"itemListElement\":[{\"@type\":\"ListItem\",\"position\":1,\"name\":\"\u041f\u043e\u0447\u0435\u0442\u043d\u0430\",\"item\":\"https:\/\/ordinacijavivahd.rs\/\"},{\"@type\":\"ListItem\",\"position\":2,\"name\":\"Specijalista op\u0161te hirurgije\"}]},{\"@type\":\"WebSite\",\"@id\":\"https:\/\/ordinacijavivahd.rs\/#website\",\"url\":\"https:\/\/ordinacijavivahd.rs\/\",\"name\":\"Viva HD ordinacija\",\"description\":\"\",\"publisher\":{\"@id\":\"https:\/\/ordinacijavivahd.rs\/#organization\"},\"potentialAction\":[{\"@type\":\"SearchAction\",\"target\":{\"@type\":\"EntryPoint\",\"urlTemplate\":\"https:\/\/ordinacijavivahd.rs\/?s={search_term_string}\"},\"query-input\":{\"@type\":\"PropertyValueSpecification\",\"valueRequired\":true,\"valueName\":\"search_term_string\"}}],\"inLanguage\":\"sr-RS\"},{\"@type\":\"Organization\",\"@id\":\"https:\/\/ordinacijavivahd.rs\/#organization\",\"name\":\"Viva HD ordinacija\",\"alternateName\":\"Viva HD ordinacija - hirurgija i dijagnostika\",\"url\":\"https:\/\/ordinacijavivahd.rs\/\",\"logo\":{\"@type\":\"ImageObject\",\"inLanguage\":\"sr-RS\",\"@id\":\"https:\/\/ordinacijavivahd.rs\/#\/schema\/logo\/image\/\",\"url\":\"https:\/\/ordinacijavivahd.rs\/wp-content\/uploads\/2023\/02\/logo.png\",\"contentUrl\":\"https:\/\/ordinacijavivahd.rs\/wp-content\/uploads\/2023\/02\/logo.png\",\"width\":1419,\"height\":365,\"caption\":\"Viva HD ordinacija\"},\"image\":{\"@id\":\"https:\/\/ordinacijavivahd.rs\/#\/schema\/logo\/image\/\"}}]}<\/script>\n<!-- \/ Yoast SEO plugin. -->","yoast_head_json":{"title":"Specijalista op\u0161te hirurgije - Viva HD ordinacija","robots":{"index":"index","follow":"follow","max-snippet":"max-snippet:-1","max-image-preview":"max-image-preview:large","max-video-preview":"max-video-preview:-1"},"canonical":"https:\/\/ordinacijavivahd.rs\/index.php\/specijalista-opste-hirurgije\/","og_locale":"sr_RS","og_type":"article","og_title":"Specijalista op\u0161te hirurgije - Viva HD ordinacija","og_description":"SPECIJALISTA OP\u0160TE RADIOLOGIJE Prim. Dr Mile Nikoli\u0107. 066 8624 338 office@ordinacijavivahd.rs Pratite me: Facebook-f Ion-social-instagram Linkedin Biografija Prim. Dr Mile Nikoli\u0107 specijalista op\u0161te hirurgije Obavio vi\u0161e hiljada operacija iz abdominalne hirurgije (debelo crevo, \u017eeludac, jetra i \u017eucni putevi), hirurgije dojke, hirurgije preonskih kila i kile trbusnog zida. Poseduje veliko iskustvo u dijagnostici i le\u010denju akutnih [&hellip;]","og_url":"https:\/\/ordinacijavivahd.rs\/index.php\/specijalista-opste-hirurgije\/","og_site_name":"Viva HD ordinacija","article_modified_time":"2024-02-13T19:08:12+00:00","og_image":[{"width":1497,"height":1920,"url":"https:\/\/ordinacijavivahd.rs\/wp-content\/uploads\/2024\/02\/dr-milan-nikolic.png","type":"image\/png"}],"twitter_card":"summary_large_image","twitter_misc":{"\u041f\u0440\u043e\u0446\u0435\u045a\u0435\u043d\u043e \u0432\u0440\u0435\u043c\u0435 \u0447\u0438\u0442\u0430\u045a\u0430":"1 \u043c\u0438\u043d\u0443\u0442"},"schema":{"@context":"https:\/\/schema.org","@graph":[{"@type":"WebPage","@id":"https:\/\/ordinacijavivahd.rs\/index.php\/specijalista-opste-hirurgije\/","url":"https:\/\/ordinacijavivahd.rs\/index.php\/specijalista-opste-hirurgije\/","name":"Specijalista op\u0161te hirurgije - Viva HD ordinacija","isPartOf":{"@id":"https:\/\/ordinacijavivahd.rs\/#website"},"primaryImageOfPage":{"@id":"https:\/\/ordinacijavivahd.rs\/index.php\/specijalista-opste-hirurgije\/#primaryimage"},"image":{"@id":"https:\/\/ordinacijavivahd.rs\/index.php\/specijalista-opste-hirurgije\/#primaryimage"},"thumbnailUrl":"https:\/\/ordinacijavivahd.rs\/wp-content\/uploads\/2024\/02\/dr-milan-nikolic.png","datePublished":"2024-02-08T19:33:46+00:00","dateModified":"2024-02-13T19:08:12+00:00","breadcrumb":{"@id":"https:\/\/ordinacijavivahd.rs\/index.php\/specijalista-opste-hirurgije\/#breadcrumb"},"inLanguage":"sr-RS","potentialAction":[{"@type":"ReadAction","target":["https:\/\/ordinacijavivahd.rs\/index.php\/specijalista-opste-hirurgije\/"]}]},{"@type":"ImageObject","inLanguage":"sr-RS","@id":"https:\/\/ordinacijavivahd.rs\/index.php\/specijalista-opste-hirurgije\/#primaryimage","url":"https:\/\/ordinacijavivahd.rs\/wp-content\/uploads\/2024\/02\/dr-milan-nikolic.png","contentUrl":"https:\/\/ordinacijavivahd.rs\/wp-content\/uploads\/2024\/02\/dr-milan-nikolic.png","width":1497,"height":1920,"caption":"dr milan nikolic"},{"@type":"BreadcrumbList","@id":"https:\/\/ordinacijavivahd.rs\/index.php\/specijalista-opste-hirurgije\/#breadcrumb","itemListElement":[{"@type":"ListItem","position":1,"name":"\u041f\u043e\u0447\u0435\u0442\u043d\u0430","item":"https:\/\/ordinacijavivahd.rs\/"},{"@type":"ListItem","position":2,"name":"Specijalista op\u0161te hirurgije"}]},{"@type":"WebSite","@id":"https:\/\/ordinacijavivahd.rs\/#website","url":"https:\/\/ordinacijavivahd.rs\/","name":"Viva HD ordinacija","description":"","publisher":{"@id":"https:\/\/ordinacijavivahd.rs\/#organization"},"potentialAction":[{"@type":"SearchAction","target":{"@type":"EntryPoint","urlTemplate":"https:\/\/ordinacijavivahd.rs\/?s={search_term_string}"},"query-input":{"@type":"PropertyValueSpecification","valueRequired":true,"valueName":"search_term_string"}}],"inLanguage":"sr-RS"},{"@type":"Organization","@id":"https:\/\/ordinacijavivahd.rs\/#organization","name":"Viva HD ordinacija","alternateName":"Viva HD ordinacija - hirurgija i dijagnostika","url":"https:\/\/ordinacijavivahd.rs\/","logo":{"@type":"ImageObject","inLanguage":"sr-RS","@id":"https:\/\/ordinacijavivahd.rs\/#\/schema\/logo\/image\/","url":"https:\/\/ordinacijavivahd.rs\/wp-content\/uploads\/2023\/02\/logo.png","contentUrl":"https:\/\/ordinacijavivahd.rs\/wp-content\/uploads\/2023\/02\/logo.png","width":1419,"height":365,"caption":"Viva HD ordinacija"},"image":{"@id":"https:\/\/ordinacijavivahd.rs\/#\/schema\/logo\/image\/"}}]}},"_links":{"self":[{"href":"https:\/\/ordinacijavivahd.rs\/index.php\/wp-json\/wp\/v2\/pages\/17546","targetHints":{"allow":["GET"]}}],"collection":[{"href":"https:\/\/ordinacijavivahd.rs\/index.php\/wp-json\/wp\/v2\/pages"}],"about":[{"href":"https:\/\/ordinacijavivahd.rs\/index.php\/wp-json\/wp\/v2\/types\/page"}],"author":[{"embeddable":true,"href":"https:\/\/ordinacijavivahd.rs\/index.php\/wp-json\/wp\/v2\/users\/1"}],"replies":[{"embeddable":true,"href":"https:\/\/ordinacijavivahd.rs\/index.php\/wp-json\/wp\/v2\/comments?post=17546"}],"version-history":[{"count":10,"href":"https:\/\/ordinacijavivahd.rs\/index.php\/wp-json\/wp\/v2\/pages\/17546\/revisions"}],"predecessor-version":[{"id":17562,"href":"https:\/\/ordinacijavivahd.rs\/index.php\/wp-json\/wp\/v2\/pages\/17546\/revisions\/17562"}],"wp:featuredmedia":[{"embeddable":true,"href":"https:\/\/ordinacijavivahd.rs\/index.php\/wp-json\/wp\/v2\/media\/17542"}],"wp:attachment":[{"href":"https:\/\/ordinacijavivahd.rs\/index.php\/wp-json\/wp\/v2\/media?parent=17546"}],"curies":[{"name":"wp","href":"https:\/\/api.w.org\/{rel}","templated":true}]}}