{"id":2229,"date":"2021-12-03T10:01:22","date_gmt":"2021-12-03T10:01:22","guid":{"rendered":"https:\/\/medicate.peacefulqode.com\/?page_id=2229"},"modified":"2023-12-02T20:48:18","modified_gmt":"2023-12-02T19:48:18","slug":"medicinski-saveti","status":"publish","type":"page","link":"https:\/\/ordinacijavivahd.rs\/index.php\/medicinski-saveti\/","title":{"rendered":"Medicinski svet: Zdravlje i dijagnostika"},"content":{"rendered":"\t\t<div data-elementor-type=\"wp-page\" data-elementor-id=\"2229\" class=\"elementor elementor-2229\">\n\t\t\t\t\t\t<div class=\"elementor-section elementor-top-section elementor-element elementor-element-d5c728f elementor-section-full_width elementor-section-stretched elementor-section-height-default elementor-section-height-default\" data-id=\"d5c728f\" data-element_type=\"section\" data-settings=\"{&quot;stretch_section&quot;:&quot;section-stretched&quot;}\">\n\t\t\t\t\t\t<div class=\"elementor-container elementor-column-gap-default\">\n\t\t\t\t\t<div class=\"elementor-column elementor-col-100 elementor-top-column elementor-element elementor-element-8a14a4b\" data-id=\"8a14a4b\" data-element_type=\"column\">\n\t\t\t<div class=\"elementor-widget-wrap elementor-element-populated\">\n\t\t\t\t\t\t<div class=\"elementor-section elementor-inner-section elementor-element elementor-element-5fbb820 elementor-section-boxed elementor-section-height-default elementor-section-height-default\" data-id=\"5fbb820\" data-element_type=\"section\">\n\t\t\t\t\t\t<div class=\"elementor-container elementor-column-gap-default\">\n\t\t\t\t\t<div class=\"elementor-column elementor-col-100 elementor-inner-column elementor-element elementor-element-ef6a3c7\" data-id=\"ef6a3c7\" data-element_type=\"column\">\n\t\t\t<div class=\"elementor-widget-wrap elementor-element-populated\">\n\t\t\t\t\t\t<div class=\"elementor-element elementor-element-6c0939b elementor-widget elementor-widget-blog\" data-id=\"6c0939b\" data-element_type=\"widget\" data-widget_type=\"blog.default\">\n\t\t\t\t<div class=\"elementor-widget-container\">\n\t\t\t\t\t<div class=\"pt-blog pt-blog-col-2\">\r\n  <div class=\"row\">\r\n\r\n              <div class=\"col-lg-6\">\r\n           <div class=\"pt-blog-post\">\r\n              <div class=\"pt-post-media\">\r\n              <img fetchpriority=\"high\" decoding=\"async\" width=\"2560\" height=\"1707\" src=\"https:\/\/ordinacijavivahd.rs\/wp-content\/uploads\/2023\/08\/ultrazvucna-dijagnostika-1-scaled.jpg\" class=\"attachment-post-thumbnail size-post-thumbnail wp-post-image\" alt=\"\" srcset=\"https:\/\/ordinacijavivahd.rs\/wp-content\/uploads\/2023\/08\/ultrazvucna-dijagnostika-1-scaled.jpg 2560w, https:\/\/ordinacijavivahd.rs\/wp-content\/uploads\/2023\/08\/ultrazvucna-dijagnostika-1-300x200.jpg 300w, https:\/\/ordinacijavivahd.rs\/wp-content\/uploads\/2023\/08\/ultrazvucna-dijagnostika-1-1024x683.jpg 1024w, https:\/\/ordinacijavivahd.rs\/wp-content\/uploads\/2023\/08\/ultrazvucna-dijagnostika-1-768x512.jpg 768w, https:\/\/ordinacijavivahd.rs\/wp-content\/uploads\/2023\/08\/ultrazvucna-dijagnostika-1-1536x1024.jpg 1536w, https:\/\/ordinacijavivahd.rs\/wp-content\/uploads\/2023\/08\/ultrazvucna-dijagnostika-1-2048x1365.jpg 2048w\" sizes=\"(max-width: 2560px) 100vw, 2560px\" \/>\r\n              \r\n                                  <div class=\"pt-post-date\">\r\n                    <a href=\"https:\/\/ordinacijavivahd.rs\/index.php\/2023\/08\/18\/\">\r\n                    <span>18. \u0430\u0432\u0433\u0443\u0441\u0442 2023.<\/span><\/a>\r\n                 <\/div>\r\n                                   <\/div>\r\n\r\n                  <div class=\"pt-blog-contain\">\r\n                 <div class=\"pt-post-meta\">\r\n                    <ul>\r\n                       <li class=\"pt-post-author\"><i class=\"fa fa-user\"><\/i>digital.run<\/li>\r\n\r\n                       <li class=\"pt-post-comment\">\r\n                                                              <a href=\"https:\/\/ordinacijavivahd.rs\/index.php\/2023\/08\/18\/ultrazvucna-dijagnostika-pregled-tehnologije-i-prednosti\/\"><i class=\"fa fa-comments\"><\/i>\r\n                                  0 Comments<\/a>\r\n                        <\/li>\r\n                    <\/ul>\r\n                 <\/div>\r\n\r\n                 <h5 class=\"pt-blog-title\"><a href=\"https:\/\/ordinacijavivahd.rs\/index.php\/2023\/08\/18\/ultrazvucna-dijagnostika-pregled-tehnologije-i-prednosti\/\">Ultrazvu\u010dna dijagnostika: Pregled tehnologije i prednosti<\/a><\/h5>\r\n\r\n                 <div class=\"pt-blog-info\">\r\n                    <p>U dana\u0161njem medicinskom svetu, tehnologija igra klju\u010dnu ulogu u postavljanju ta\u010dnih dijagnoza i pru\u017eanju kvalitetne zdravstvene nege. Jedna od najva\u017enijih metoda dijagnostike koja se sve vi\u0161e koristi i u\u010destvuje u ovom procesu jeste ultrazvu\u010dna dijagnostika. Ovaj blog \u0107e vas upoznati sa osnovama ultrazvu\u010dne dijagnostike i ista\u0107i prednosti koje ovakva tehnika pru\u017ea. \u0160ta je ultrazvu\u010dna dijagnostika? [&hellip;]<\/p>\n                 <\/div>\r\n\r\n                 <div class=\"pt-btn-container\">\r\n                        <a href=\"https:\/\/ordinacijavivahd.rs\/index.php\/2023\/08\/18\/ultrazvucna-dijagnostika-pregled-tehnologije-i-prednosti\/\" class=\"pt-button pt-button-flat\" >\r\n                          <div class=\"pt-button-block\">\r\n                            <span class=\"pt-button-text\">Read More<\/span>\r\n                            <i class=\"ion ion-plus-round\"><\/i>\r\n                          <\/div>\r\n                        <\/a>\r\n                    <\/div>\r\n\r\n\r\n              <\/div>\r\n           <\/div>\r\n          <\/div>\r\n\r\n      <\/div>\r\n<\/div>\t\t\t\t<\/div>\n\t\t\t\t<\/div>\n\t\t\t\t\t<\/div>\n\t\t<\/div>\n\t\t\t\t\t<\/div>\n\t\t<\/div>\n\t\t\t\t\t<\/div>\n\t\t<\/div>\n\t\t\t\t\t<\/div>\n\t\t<\/div>\n\t\t\t\t<\/div>\n\t\t","protected":false},"excerpt":{"rendered":"<p>December 17, 2021 admin 0 Comments Get the Exercise Limited Mobility It is a long established fact that a reader will be distracted by the readable content of a page when looking at its layout. Read More December 5, 2021 admin 1 Comment Transfusion strategy and heart surgery It is a long established fact that [&hellip;]<\/p>\n","protected":false},"author":1,"featured_media":17150,"parent":0,"menu_order":0,"comment_status":"closed","ping_status":"closed","template":"","meta":{"_acf_changed":false,"footnotes":""},"class_list":["post-2229","page","type-page","status-publish","has-post-thumbnail","hentry"],"acf":[],"yoast_head":"<!-- This site is optimized with the Yoast SEO plugin v26.6 - https:\/\/yoast.com\/wordpress\/plugins\/seo\/ -->\n<title>Medicinski svet: Zdravlje i dijagnostika - Viva HD ordinacija<\/title>\n<meta name=\"robots\" content=\"index, follow, max-snippet:-1, max-image-preview:large, max-video-preview:-1\" \/>\n<link rel=\"canonical\" href=\"https:\/\/ordinacijavivahd.rs\/index.php\/medicinski-saveti\/\" \/>\n<meta property=\"og:locale\" content=\"sr_RS\" \/>\n<meta property=\"og:type\" content=\"article\" \/>\n<meta property=\"og:title\" content=\"Medicinski svet: Zdravlje i dijagnostika - Viva HD ordinacija\" \/>\n<meta property=\"og:description\" content=\"December 17, 2021 admin 0 Comments Get the Exercise Limited Mobility It is a long established fact that a reader will be distracted by the readable content of a page when looking at its layout. Read More December 5, 2021 admin 1 Comment Transfusion strategy and heart surgery It is a long established fact that [&hellip;]\" \/>\n<meta property=\"og:url\" content=\"https:\/\/ordinacijavivahd.rs\/index.php\/medicinski-saveti\/\" \/>\n<meta property=\"og:site_name\" content=\"Viva HD ordinacija\" \/>\n<meta property=\"article:modified_time\" content=\"2023-12-02T19:48:18+00:00\" \/>\n<meta property=\"og:image\" content=\"https:\/\/ordinacijavivahd.rs\/wp-content\/uploads\/revslider\/cardiology-1\/2-21.jpg\" \/>\n\t<meta property=\"og:image:width\" content=\"1428\" \/>\n\t<meta property=\"og:image:height\" content=\"901\" \/>\n\t<meta property=\"og:image:type\" content=\"image\/jpeg\" \/>\n<meta name=\"twitter:card\" content=\"summary_large_image\" \/>\n<meta name=\"twitter:label1\" content=\"\u041f\u0440\u043e\u0446\u0435\u045a\u0435\u043d\u043e \u0432\u0440\u0435\u043c\u0435 \u0447\u0438\u0442\u0430\u045a\u0430\" \/>\n\t<meta name=\"twitter:data1\" content=\"5 \u043c\u0438\u043d\u0443\u0442\u0430\" \/>\n<script type=\"application\/ld+json\" class=\"yoast-schema-graph\">{\"@context\":\"https:\/\/schema.org\",\"@graph\":[{\"@type\":\"WebPage\",\"@id\":\"https:\/\/ordinacijavivahd.rs\/index.php\/medicinski-saveti\/\",\"url\":\"https:\/\/ordinacijavivahd.rs\/index.php\/medicinski-saveti\/\",\"name\":\"Medicinski svet: Zdravlje i dijagnostika - Viva HD ordinacija\",\"isPartOf\":{\"@id\":\"https:\/\/ordinacijavivahd.rs\/#website\"},\"primaryImageOfPage\":{\"@id\":\"https:\/\/ordinacijavivahd.rs\/index.php\/medicinski-saveti\/#primaryimage\"},\"image\":{\"@id\":\"https:\/\/ordinacijavivahd.rs\/index.php\/medicinski-saveti\/#primaryimage\"},\"thumbnailUrl\":\"https:\/\/ordinacijavivahd.rs\/wp-content\/uploads\/revslider\/cardiology-1\/2-21.jpg\",\"datePublished\":\"2021-12-03T10:01:22+00:00\",\"dateModified\":\"2023-12-02T19:48:18+00:00\",\"breadcrumb\":{\"@id\":\"https:\/\/ordinacijavivahd.rs\/index.php\/medicinski-saveti\/#breadcrumb\"},\"inLanguage\":\"sr-RS\",\"potentialAction\":[{\"@type\":\"ReadAction\",\"target\":[\"https:\/\/ordinacijavivahd.rs\/index.php\/medicinski-saveti\/\"]}]},{\"@type\":\"ImageObject\",\"inLanguage\":\"sr-RS\",\"@id\":\"https:\/\/ordinacijavivahd.rs\/index.php\/medicinski-saveti\/#primaryimage\",\"url\":\"https:\/\/ordinacijavivahd.rs\/wp-content\/uploads\/revslider\/cardiology-1\/2-21.jpg\",\"contentUrl\":\"https:\/\/ordinacijavivahd.rs\/wp-content\/uploads\/revslider\/cardiology-1\/2-21.jpg\",\"width\":1428,\"height\":901},{\"@type\":\"BreadcrumbList\",\"@id\":\"https:\/\/ordinacijavivahd.rs\/index.php\/medicinski-saveti\/#breadcrumb\",\"itemListElement\":[{\"@type\":\"ListItem\",\"position\":1,\"name\":\"\u041f\u043e\u0447\u0435\u0442\u043d\u0430\",\"item\":\"https:\/\/ordinacijavivahd.rs\/\"},{\"@type\":\"ListItem\",\"position\":2,\"name\":\"Medicinski svet: Zdravlje i dijagnostika\"}]},{\"@type\":\"WebSite\",\"@id\":\"https:\/\/ordinacijavivahd.rs\/#website\",\"url\":\"https:\/\/ordinacijavivahd.rs\/\",\"name\":\"Viva HD ordinacija\",\"description\":\"\",\"publisher\":{\"@id\":\"https:\/\/ordinacijavivahd.rs\/#organization\"},\"potentialAction\":[{\"@type\":\"SearchAction\",\"target\":{\"@type\":\"EntryPoint\",\"urlTemplate\":\"https:\/\/ordinacijavivahd.rs\/?s={search_term_string}\"},\"query-input\":{\"@type\":\"PropertyValueSpecification\",\"valueRequired\":true,\"valueName\":\"search_term_string\"}}],\"inLanguage\":\"sr-RS\"},{\"@type\":\"Organization\",\"@id\":\"https:\/\/ordinacijavivahd.rs\/#organization\",\"name\":\"Viva HD ordinacija\",\"alternateName\":\"Viva HD ordinacija - hirurgija i dijagnostika\",\"url\":\"https:\/\/ordinacijavivahd.rs\/\",\"logo\":{\"@type\":\"ImageObject\",\"inLanguage\":\"sr-RS\",\"@id\":\"https:\/\/ordinacijavivahd.rs\/#\/schema\/logo\/image\/\",\"url\":\"https:\/\/ordinacijavivahd.rs\/wp-content\/uploads\/2023\/02\/logo.png\",\"contentUrl\":\"https:\/\/ordinacijavivahd.rs\/wp-content\/uploads\/2023\/02\/logo.png\",\"width\":1419,\"height\":365,\"caption\":\"Viva HD ordinacija\"},\"image\":{\"@id\":\"https:\/\/ordinacijavivahd.rs\/#\/schema\/logo\/image\/\"}}]}<\/script>\n<!-- \/ Yoast SEO plugin. -->","yoast_head_json":{"title":"Medicinski svet: Zdravlje i dijagnostika - Viva HD ordinacija","robots":{"index":"index","follow":"follow","max-snippet":"max-snippet:-1","max-image-preview":"max-image-preview:large","max-video-preview":"max-video-preview:-1"},"canonical":"https:\/\/ordinacijavivahd.rs\/index.php\/medicinski-saveti\/","og_locale":"sr_RS","og_type":"article","og_title":"Medicinski svet: Zdravlje i dijagnostika - Viva HD ordinacija","og_description":"December 17, 2021 admin 0 Comments Get the Exercise Limited Mobility It is a long established fact that a reader will be distracted by the readable content of a page when looking at its layout. Read More December 5, 2021 admin 1 Comment Transfusion strategy and heart surgery It is a long established fact that [&hellip;]","og_url":"https:\/\/ordinacijavivahd.rs\/index.php\/medicinski-saveti\/","og_site_name":"Viva HD ordinacija","article_modified_time":"2023-12-02T19:48:18+00:00","og_image":[{"width":1428,"height":901,"url":"https:\/\/ordinacijavivahd.rs\/wp-content\/uploads\/revslider\/cardiology-1\/2-21.jpg","type":"image\/jpeg"}],"twitter_card":"summary_large_image","twitter_misc":{"\u041f\u0440\u043e\u0446\u0435\u045a\u0435\u043d\u043e \u0432\u0440\u0435\u043c\u0435 \u0447\u0438\u0442\u0430\u045a\u0430":"5 \u043c\u0438\u043d\u0443\u0442\u0430"},"schema":{"@context":"https:\/\/schema.org","@graph":[{"@type":"WebPage","@id":"https:\/\/ordinacijavivahd.rs\/index.php\/medicinski-saveti\/","url":"https:\/\/ordinacijavivahd.rs\/index.php\/medicinski-saveti\/","name":"Medicinski svet: Zdravlje i dijagnostika - Viva HD ordinacija","isPartOf":{"@id":"https:\/\/ordinacijavivahd.rs\/#website"},"primaryImageOfPage":{"@id":"https:\/\/ordinacijavivahd.rs\/index.php\/medicinski-saveti\/#primaryimage"},"image":{"@id":"https:\/\/ordinacijavivahd.rs\/index.php\/medicinski-saveti\/#primaryimage"},"thumbnailUrl":"https:\/\/ordinacijavivahd.rs\/wp-content\/uploads\/revslider\/cardiology-1\/2-21.jpg","datePublished":"2021-12-03T10:01:22+00:00","dateModified":"2023-12-02T19:48:18+00:00","breadcrumb":{"@id":"https:\/\/ordinacijavivahd.rs\/index.php\/medicinski-saveti\/#breadcrumb"},"inLanguage":"sr-RS","potentialAction":[{"@type":"ReadAction","target":["https:\/\/ordinacijavivahd.rs\/index.php\/medicinski-saveti\/"]}]},{"@type":"ImageObject","inLanguage":"sr-RS","@id":"https:\/\/ordinacijavivahd.rs\/index.php\/medicinski-saveti\/#primaryimage","url":"https:\/\/ordinacijavivahd.rs\/wp-content\/uploads\/revslider\/cardiology-1\/2-21.jpg","contentUrl":"https:\/\/ordinacijavivahd.rs\/wp-content\/uploads\/revslider\/cardiology-1\/2-21.jpg","width":1428,"height":901},{"@type":"BreadcrumbList","@id":"https:\/\/ordinacijavivahd.rs\/index.php\/medicinski-saveti\/#breadcrumb","itemListElement":[{"@type":"ListItem","position":1,"name":"\u041f\u043e\u0447\u0435\u0442\u043d\u0430","item":"https:\/\/ordinacijavivahd.rs\/"},{"@type":"ListItem","position":2,"name":"Medicinski svet: Zdravlje i dijagnostika"}]},{"@type":"WebSite","@id":"https:\/\/ordinacijavivahd.rs\/#website","url":"https:\/\/ordinacijavivahd.rs\/","name":"Viva HD ordinacija","description":"","publisher":{"@id":"https:\/\/ordinacijavivahd.rs\/#organization"},"potentialAction":[{"@type":"SearchAction","target":{"@type":"EntryPoint","urlTemplate":"https:\/\/ordinacijavivahd.rs\/?s={search_term_string}"},"query-input":{"@type":"PropertyValueSpecification","valueRequired":true,"valueName":"search_term_string"}}],"inLanguage":"sr-RS"},{"@type":"Organization","@id":"https:\/\/ordinacijavivahd.rs\/#organization","name":"Viva HD ordinacija","alternateName":"Viva HD ordinacija - hirurgija i dijagnostika","url":"https:\/\/ordinacijavivahd.rs\/","logo":{"@type":"ImageObject","inLanguage":"sr-RS","@id":"https:\/\/ordinacijavivahd.rs\/#\/schema\/logo\/image\/","url":"https:\/\/ordinacijavivahd.rs\/wp-content\/uploads\/2023\/02\/logo.png","contentUrl":"https:\/\/ordinacijavivahd.rs\/wp-content\/uploads\/2023\/02\/logo.png","width":1419,"height":365,"caption":"Viva HD ordinacija"},"image":{"@id":"https:\/\/ordinacijavivahd.rs\/#\/schema\/logo\/image\/"}}]}},"_links":{"self":[{"href":"https:\/\/ordinacijavivahd.rs\/index.php\/wp-json\/wp\/v2\/pages\/2229","targetHints":{"allow":["GET"]}}],"collection":[{"href":"https:\/\/ordinacijavivahd.rs\/index.php\/wp-json\/wp\/v2\/pages"}],"about":[{"href":"https:\/\/ordinacijavivahd.rs\/index.php\/wp-json\/wp\/v2\/types\/page"}],"author":[{"embeddable":true,"href":"https:\/\/ordinacijavivahd.rs\/index.php\/wp-json\/wp\/v2\/users\/1"}],"replies":[{"embeddable":true,"href":"https:\/\/ordinacijavivahd.rs\/index.php\/wp-json\/wp\/v2\/comments?post=2229"}],"version-history":[{"count":1,"href":"https:\/\/ordinacijavivahd.rs\/index.php\/wp-json\/wp\/v2\/pages\/2229\/revisions"}],"predecessor-version":[{"id":17366,"href":"https:\/\/ordinacijavivahd.rs\/index.php\/wp-json\/wp\/v2\/pages\/2229\/revisions\/17366"}],"wp:featuredmedia":[{"embeddable":true,"href":"https:\/\/ordinacijavivahd.rs\/index.php\/wp-json\/wp\/v2\/media\/17150"}],"wp:attachment":[{"href":"https:\/\/ordinacijavivahd.rs\/index.php\/wp-json\/wp\/v2\/media?parent=2229"}],"curies":[{"name":"wp","href":"https:\/\/api.w.org\/{rel}","templated":true}]}}